{"id":6332,"date":"2015-03-01T15:22:53","date_gmt":"2015-03-01T14:22:53","guid":{"rendered":"http:\/\/www.wp.elektrosystemy.pl\/?page_id=6332"},"modified":"2016-03-02T15:20:18","modified_gmt":"2016-03-02T14:20:18","slug":"elektroprodukt-2014-roku-zwyciezcy-dwunastej-edycji-plebiscytu","status":"publish","type":"page","link":"https:\/\/elektrosystemy.pl\/?page_id=6332","title":{"rendered":"<b>ELEKTROPRODUKT 2014 ROKU: <br>zwyci\u0119zcy dwunastej edycji plebiscytu<\/b>"},"content":{"rendered":"<p style=\"text-align: left;\"><span style=\"font-size: 12pt;\"><strong>Po raz dwunasty Czytelnicy magazynu Elektrosystemy wybrali najlepsze wyroby elektrotechniczne roku. Tym razem w 12 kategoriach rywalizowa\u0142o 146 produkt\u00f3w. Do redakcji nap\u0142yn\u0119\u0142o \u0142\u0105cznie 23 024 g\u0142os\u00f3w na 3 902 kartach konkursowych.<\/strong><\/span><\/p>\n<hr id=\"system-readmore\" \/>\n<p style=\"text-align: left;\"><span class=\"wf_caption\" style=\"display: inline-table;\"><a href=\"http:\/\/www.wp.elektrosystemy.pl\/wp-content\/uploads\/2015\/03\/01\/elektroprodukt-2014-roku-zwyciezcy-dwunastej-edycji-plebiscytu\/AM_EATON.jpg\"><img loading=\"lazy\" class=\"alignnone wp-image-6348\" src=\"http:\/\/www.wp.elektrosystemy.pl\/wp-content\/uploads\/2015\/03\/01\/elektroprodukt-2014-roku-zwyciezcy-dwunastej-edycji-plebiscytu\/AM_EATON.jpg\" alt=\"\" width=\"650\" height=\"234\" srcset=\"https:\/\/elektrosystemy.pl\/wp-content\/uploads\/2015\/03\/01\/elektroprodukt-2014-roku-zwyciezcy-dwunastej-edycji-plebiscytu\/AM_EATON.jpg 750w, https:\/\/elektrosystemy.pl\/wp-content\/uploads\/2015\/03\/01\/elektroprodukt-2014-roku-zwyciezcy-dwunastej-edycji-plebiscytu\/AM_EATON-600x216.jpg 600w, https:\/\/elektrosystemy.pl\/wp-content\/uploads\/2015\/03\/01\/elektroprodukt-2014-roku-zwyciezcy-dwunastej-edycji-plebiscytu\/AM_EATON-300x108.jpg 300w\" sizes=\"(max-width: 650px) 100vw, 650px\" \/><\/a><span style=\"max-width: 650px; text-align: center; background-color: #eeeeee; display: block;\">w kategorii APARATURA MODU\u0141OWA zwyci\u0119\u017cy\u0142y<br \/>\n<a href=\"http:\/\/ep2014.elektrosystemy.pl\/#2\/z\" target=\"_blank\">Cyfrowe wy\u0142\u0105czniki r\u00f3\u017cnicowopr\u0105dowe \u00a0FRCdM typu B<\/a> firmy EATON ELECTRIC <a href=\"http:\/\/www.wp.elektrosystemy.pl\/wp-content\/uploads\/2015\/02\/26\/elektroprodukt-2014-roku-zwyciezcy-dwunastej-edycji-plebiscytu\/AU_WEDMULLER.jpg\"><img loading=\"lazy\" class=\"alignnone wp-image-6334\" src=\"http:\/\/www.wp.elektrosystemy.pl\/wp-content\/uploads\/2015\/02\/26\/elektroprodukt-2014-roku-zwyciezcy-dwunastej-edycji-plebiscytu\/AU_WEDMULLER.jpg\" alt=\"\" width=\"650\" height=\"234\" srcset=\"https:\/\/elektrosystemy.pl\/wp-content\/uploads\/2015\/02\/26\/elektroprodukt-2014-roku-zwyciezcy-dwunastej-edycji-plebiscytu\/AU_WEDMULLER.jpg 750w, https:\/\/elektrosystemy.pl\/wp-content\/uploads\/2015\/02\/26\/elektroprodukt-2014-roku-zwyciezcy-dwunastej-edycji-plebiscytu\/AU_WEDMULLER-600x216.jpg 600w, https:\/\/elektrosystemy.pl\/wp-content\/uploads\/2015\/02\/26\/elektroprodukt-2014-roku-zwyciezcy-dwunastej-edycji-plebiscytu\/AU_WEDMULLER-300x108.jpg 300w\" sizes=\"(max-width: 650px) 100vw, 650px\" \/><\/a><span style=\"max-width: 650px; text-align: center; background-color: #eeeeee; display: block;\">w kategorii AUTOMATYKA zwyci\u0119\u017cy\u0142 <a href=\"http:\/\/ep2014.elektrosystemy.pl\/#8\/z\" target=\"_blank\">Przeka\u017aniki DRH<\/a> firmy\u00a0Weidm\u00fcller<\/span><\/span><\/span><\/p>\n<p><span class=\"wf_caption\" style=\"display: inline-table;\"><a href=\"http:\/\/www.wp.elektrosystemy.pl\/wp-content\/uploads\/2015\/02\/26\/elektroprodukt-2014-roku-zwyciezcy-dwunastej-edycji-plebiscytu\/IB_ZAMEL.jpg\"><img loading=\"lazy\" class=\"alignnone wp-image-6335\" src=\"http:\/\/www.wp.elektrosystemy.pl\/wp-content\/uploads\/2015\/02\/26\/elektroprodukt-2014-roku-zwyciezcy-dwunastej-edycji-plebiscytu\/IB_ZAMEL.jpg\" alt=\"\" width=\"650\" height=\"234\" srcset=\"https:\/\/elektrosystemy.pl\/wp-content\/uploads\/2015\/02\/26\/elektroprodukt-2014-roku-zwyciezcy-dwunastej-edycji-plebiscytu\/IB_ZAMEL.jpg 750w, https:\/\/elektrosystemy.pl\/wp-content\/uploads\/2015\/02\/26\/elektroprodukt-2014-roku-zwyciezcy-dwunastej-edycji-plebiscytu\/IB_ZAMEL-600x216.jpg 600w, https:\/\/elektrosystemy.pl\/wp-content\/uploads\/2015\/02\/26\/elektroprodukt-2014-roku-zwyciezcy-dwunastej-edycji-plebiscytu\/IB_ZAMEL-300x108.jpg 300w\" sizes=\"(max-width: 650px) 100vw, 650px\" \/><\/a><span style=\"max-width: 650px; text-align: center; background-color: #eeeeee; display: block;\">w kategorii INTELIGENTNY BUDYNEK zwyci\u0119\u017cy\u0142a<a href=\"http:\/\/ep2014.elektrosystemy.pl\/#11\/z\" target=\"_blank\"> Jednostka centralna Exta Free Controller mini (EFC-02)<\/a> firmy ZAMEL<\/span><\/span> <span class=\"wf_caption\" style=\"display: inline-table;\"><a href=\"http:\/\/www.wp.elektrosystemy.pl\/wp-content\/uploads\/2015\/02\/26\/elektroprodukt-2014-roku-zwyciezcy-dwunastej-edycji-plebiscytu\/KP_LAPP.jpg\"><img loading=\"lazy\" class=\"alignnone wp-image-6336\" src=\"http:\/\/www.wp.elektrosystemy.pl\/wp-content\/uploads\/2015\/02\/26\/elektroprodukt-2014-roku-zwyciezcy-dwunastej-edycji-plebiscytu\/KP_LAPP.jpg\" alt=\"\" width=\"650\" height=\"234\" srcset=\"https:\/\/elektrosystemy.pl\/wp-content\/uploads\/2015\/02\/26\/elektroprodukt-2014-roku-zwyciezcy-dwunastej-edycji-plebiscytu\/KP_LAPP.jpg 750w, https:\/\/elektrosystemy.pl\/wp-content\/uploads\/2015\/02\/26\/elektroprodukt-2014-roku-zwyciezcy-dwunastej-edycji-plebiscytu\/KP_LAPP-600x216.jpg 600w, https:\/\/elektrosystemy.pl\/wp-content\/uploads\/2015\/02\/26\/elektroprodukt-2014-roku-zwyciezcy-dwunastej-edycji-plebiscytu\/KP_LAPP-300x108.jpg 300w\" sizes=\"(max-width: 650px) 100vw, 650px\" \/><\/a><span style=\"max-width: 650px; text-align: center; background-color: #eeeeee; display: block;\">w kategorii KABLE I PRZEWODY zwyci\u0119\u017cy\u0142 <a href=\"http:\/\/ep2014.elektrosystemy.pl\/#12\/z\" target=\"_blank\">\u00d6lflex Heat 125 SC<\/a> firmy\u00a0LAPP KABEL<\/span><\/span> <span class=\"wf_caption\" style=\"display: inline-table;\"><a href=\"http:\/\/www.wp.elektrosystemy.pl\/wp-content\/uploads\/2015\/02\/26\/elektroprodukt-2014-roku-zwyciezcy-dwunastej-edycji-plebiscytu\/MR_ELTRON.jpg\"><img loading=\"lazy\" class=\"alignnone wp-image-6337\" src=\"http:\/\/www.wp.elektrosystemy.pl\/wp-content\/uploads\/2015\/02\/26\/elektroprodukt-2014-roku-zwyciezcy-dwunastej-edycji-plebiscytu\/MR_ELTRON.jpg\" alt=\"\" width=\"650\" height=\"234\" srcset=\"https:\/\/elektrosystemy.pl\/wp-content\/uploads\/2015\/02\/26\/elektroprodukt-2014-roku-zwyciezcy-dwunastej-edycji-plebiscytu\/MR_ELTRON.jpg 750w, https:\/\/elektrosystemy.pl\/wp-content\/uploads\/2015\/02\/26\/elektroprodukt-2014-roku-zwyciezcy-dwunastej-edycji-plebiscytu\/MR_ELTRON-600x216.jpg 600w, https:\/\/elektrosystemy.pl\/wp-content\/uploads\/2015\/02\/26\/elektroprodukt-2014-roku-zwyciezcy-dwunastej-edycji-plebiscytu\/MR_ELTRON-300x108.jpg 300w\" sizes=\"(max-width: 650px) 100vw, 650px\" \/><\/a><span style=\"max-width: 650px; text-align: center; background-color: #eeeeee; display: block;\">w kategorii MIERNICTWO zwyci\u0119\u017cy\u0142 <a href=\"http:\/\/ep2014.elektrosystemy.pl\/#14\/z\" target=\"_blank\">Pirometr graficzny Fluke VT04<\/a> firmy ELTRON<\/span><\/span> <span class=\"wf_caption\" style=\"display: inline-table;\"><a href=\"http:\/\/www.wp.elektrosystemy.pl\/wp-content\/uploads\/2015\/02\/26\/elektroprodukt-2014-roku-zwyciezcy-dwunastej-edycji-plebiscytu\/NS_LENZE.jpg\"><img loading=\"lazy\" class=\"alignnone wp-image-6338\" src=\"http:\/\/www.wp.elektrosystemy.pl\/wp-content\/uploads\/2015\/02\/26\/elektroprodukt-2014-roku-zwyciezcy-dwunastej-edycji-plebiscytu\/NS_LENZE.jpg\" alt=\"\" width=\"650\" height=\"234\" srcset=\"https:\/\/elektrosystemy.pl\/wp-content\/uploads\/2015\/02\/26\/elektroprodukt-2014-roku-zwyciezcy-dwunastej-edycji-plebiscytu\/NS_LENZE.jpg 750w, https:\/\/elektrosystemy.pl\/wp-content\/uploads\/2015\/02\/26\/elektroprodukt-2014-roku-zwyciezcy-dwunastej-edycji-plebiscytu\/NS_LENZE-600x216.jpg 600w, https:\/\/elektrosystemy.pl\/wp-content\/uploads\/2015\/02\/26\/elektroprodukt-2014-roku-zwyciezcy-dwunastej-edycji-plebiscytu\/NS_LENZE-300x108.jpg 300w\" sizes=\"(max-width: 650px) 100vw, 650px\" \/><\/a><span style=\"max-width: 650px; text-align: center; background-color: #eeeeee; display: block;\">w kategorii NAP\u0118DY I STEROWANIE zwyci\u0119\u017cy\u0142 <a href=\"http:\/\/ep2014.elektrosystemy.pl\/#19\/z\" target=\"_blank\">Silnik Smart<\/a> firmy\u00a0LENZE Polska<\/span><\/span><\/p>\n<p style=\"text-align: justify;\">\u00a0<span class=\"wf_caption\" style=\"display: inline-table;\"><a href=\"http:\/\/www.wp.elektrosystemy.pl\/wp-content\/uploads\/2015\/02\/26\/elektroprodukt-2014-roku-zwyciezcy-dwunastej-edycji-plebiscytu\/OI_ETI_POLAM.jpg\"><img loading=\"lazy\" class=\"alignnone wp-image-6339\" src=\"http:\/\/www.wp.elektrosystemy.pl\/wp-content\/uploads\/2015\/02\/26\/elektroprodukt-2014-roku-zwyciezcy-dwunastej-edycji-plebiscytu\/OI_ETI_POLAM.jpg\" alt=\"\" width=\"650\" height=\"234\" srcset=\"https:\/\/elektrosystemy.pl\/wp-content\/uploads\/2015\/02\/26\/elektroprodukt-2014-roku-zwyciezcy-dwunastej-edycji-plebiscytu\/OI_ETI_POLAM.jpg 750w, https:\/\/elektrosystemy.pl\/wp-content\/uploads\/2015\/02\/26\/elektroprodukt-2014-roku-zwyciezcy-dwunastej-edycji-plebiscytu\/OI_ETI_POLAM-600x216.jpg 600w, https:\/\/elektrosystemy.pl\/wp-content\/uploads\/2015\/02\/26\/elektroprodukt-2014-roku-zwyciezcy-dwunastej-edycji-plebiscytu\/OI_ETI_POLAM-300x108.jpg 300w\" sizes=\"(max-width: 650px) 100vw, 650px\" \/><\/a><span style=\"max-width: 650px; text-align: center; background-color: #eeeeee; display: block;\">w kategorii OSPRZ\u0118T INSTALACYJNY zwyci\u0119\u017cy\u0142y <a href=\"http:\/\/ep2014.elektrosystemy.pl\/#22\/z\" target=\"_blank\">Rozdzielnie natynkowe ECT ECM<\/a> firmy ETI POLAM<\/span><\/span><\/p>\n<p style=\"text-align: justify;\">\u00a0<span class=\"wf_caption\" style=\"display: inline-table;\"><a href=\"http:\/\/www.wp.elektrosystemy.pl\/wp-content\/uploads\/2015\/02\/26\/elektroprodukt-2014-roku-zwyciezcy-dwunastej-edycji-plebiscytu\/OP_DEHN.jpg\"><img loading=\"lazy\" class=\"alignnone wp-image-6340\" src=\"http:\/\/www.wp.elektrosystemy.pl\/wp-content\/uploads\/2015\/02\/26\/elektroprodukt-2014-roku-zwyciezcy-dwunastej-edycji-plebiscytu\/OP_DEHN.jpg\" alt=\"\" width=\"650\" height=\"234\" srcset=\"https:\/\/elektrosystemy.pl\/wp-content\/uploads\/2015\/02\/26\/elektroprodukt-2014-roku-zwyciezcy-dwunastej-edycji-plebiscytu\/OP_DEHN.jpg 750w, https:\/\/elektrosystemy.pl\/wp-content\/uploads\/2015\/02\/26\/elektroprodukt-2014-roku-zwyciezcy-dwunastej-edycji-plebiscytu\/OP_DEHN-600x216.jpg 600w, https:\/\/elektrosystemy.pl\/wp-content\/uploads\/2015\/02\/26\/elektroprodukt-2014-roku-zwyciezcy-dwunastej-edycji-plebiscytu\/OP_DEHN-300x108.jpg 300w\" sizes=\"(max-width: 650px) 100vw, 650px\" \/><\/a><span style=\"max-width: 650px; text-align: center; background-color: #eeeeee; display: block;\">w kategorii OCHRONA PRZECIWPRZEPI\u0118CIOWA I ODGROMOWA zwyci\u0119\u017cy\u0142<br \/>\n<a href=\"http:\/\/ep2014.elektrosystemy.pl\/#24\/z\" target=\"_blank\">Kombinowany ogranicznik przepi\u0119\u0107\u00a0typu 1 DEHNsolid <\/a>firmy\u00a0 DEHN POLSKA<\/span><\/span><\/p>\n<p style=\"text-align: justify;\"><span class=\"wf_caption\" style=\"display: inline-table;\"><em><a href=\"http:\/\/www.wp.elektrosystemy.pl\/wp-content\/uploads\/2015\/02\/26\/elektroprodukt-2014-roku-zwyciezcy-dwunastej-edycji-plebiscytu\/RE_PHOENIX.jpg\"><img loading=\"lazy\" class=\"alignnone wp-image-6341\" src=\"http:\/\/www.wp.elektrosystemy.pl\/wp-content\/uploads\/2015\/02\/26\/elektroprodukt-2014-roku-zwyciezcy-dwunastej-edycji-plebiscytu\/RE_PHOENIX.jpg\" alt=\"\" width=\"650\" height=\"234\" srcset=\"https:\/\/elektrosystemy.pl\/wp-content\/uploads\/2015\/02\/26\/elektroprodukt-2014-roku-zwyciezcy-dwunastej-edycji-plebiscytu\/RE_PHOENIX.jpg 750w, https:\/\/elektrosystemy.pl\/wp-content\/uploads\/2015\/02\/26\/elektroprodukt-2014-roku-zwyciezcy-dwunastej-edycji-plebiscytu\/RE_PHOENIX-600x216.jpg 600w, https:\/\/elektrosystemy.pl\/wp-content\/uploads\/2015\/02\/26\/elektroprodukt-2014-roku-zwyciezcy-dwunastej-edycji-plebiscytu\/RE_PHOENIX-300x108.jpg 300w\" sizes=\"(max-width: 650px) 100vw, 650px\" \/><\/a><\/em><\/span> <span style=\"max-width: 650px; text-align: center; background-color: #eeeeee; display: block;\">w kategorii ROZDZIA\u0141 ENERGII zwyci\u0119\u017cy\u0142y <a href=\"http:\/\/ep2014.elektrosystemy.pl\/#28\/z\" target=\"_blank\">Z\u0142\u0105cza przemys\u0142owe Heavycon EVO ALU<\/a> firmy\u00a0PHOENIX CONTACT<\/span><\/p>\n<p style=\"text-align: justify;\"><span class=\"wf_caption\" style=\"display: inline-table;\"><em><a href=\"http:\/\/www.wp.elektrosystemy.pl\/wp-content\/uploads\/2015\/02\/26\/elektroprodukt-2014-roku-zwyciezcy-dwunastej-edycji-plebiscytu\/SO_ABB.jpg\"><img loading=\"lazy\" class=\"alignnone wp-image-6342\" src=\"http:\/\/www.wp.elektrosystemy.pl\/wp-content\/uploads\/2015\/02\/26\/elektroprodukt-2014-roku-zwyciezcy-dwunastej-edycji-plebiscytu\/SO_ABB.jpg\" alt=\"\" width=\"650\" height=\"234\" srcset=\"https:\/\/elektrosystemy.pl\/wp-content\/uploads\/2015\/02\/26\/elektroprodukt-2014-roku-zwyciezcy-dwunastej-edycji-plebiscytu\/SO_ABB.jpg 750w, https:\/\/elektrosystemy.pl\/wp-content\/uploads\/2015\/02\/26\/elektroprodukt-2014-roku-zwyciezcy-dwunastej-edycji-plebiscytu\/SO_ABB-600x216.jpg 600w, https:\/\/elektrosystemy.pl\/wp-content\/uploads\/2015\/02\/26\/elektroprodukt-2014-roku-zwyciezcy-dwunastej-edycji-plebiscytu\/SO_ABB-300x108.jpg 300w\" sizes=\"(max-width: 650px) 100vw, 650px\" \/><\/a><\/em><\/span> <span style=\"max-width: 650px; text-align: center; background-color: #eeeeee; display: block;\">w kategorii SYSTEMY OCHRONY zwyci\u0119\u017cy\u0142<br \/>\n<a href=\"http:\/\/ep2014.elektrosystemy.pl\/#34\/z\" target=\"_blank\">System wideomofonowy ABB Welcome Basic<\/a> firmy ABB<\/span><\/p>\n<p style=\"text-align: justify;\"><span class=\"wf_caption\" style=\"display: inline-table;\"><em><a href=\"http:\/\/www.wp.elektrosystemy.pl\/wp-content\/uploads\/2014\/03\/05\/elektroprodukt-2013-roku-poznalismy-zwyciezcow-jedenastej-edycji-plebiscytu\/TS_Kanlux.jpg\"><img loading=\"lazy\" class=\"alignnone wp-image-2432\" src=\"http:\/\/www.wp.elektrosystemy.pl\/wp-content\/uploads\/2014\/03\/05\/elektroprodukt-2013-roku-poznalismy-zwyciezcow-jedenastej-edycji-plebiscytu\/TS_Kanlux.jpg\" alt=\"\" width=\"650\" height=\"234\" srcset=\"https:\/\/elektrosystemy.pl\/wp-content\/uploads\/2014\/03\/05\/elektroprodukt-2013-roku-poznalismy-zwyciezcow-jedenastej-edycji-plebiscytu\/TS_Kanlux.jpg 750w, https:\/\/elektrosystemy.pl\/wp-content\/uploads\/2014\/03\/05\/elektroprodukt-2013-roku-poznalismy-zwyciezcow-jedenastej-edycji-plebiscytu\/TS_Kanlux-600x216.jpg 600w, https:\/\/elektrosystemy.pl\/wp-content\/uploads\/2014\/03\/05\/elektroprodukt-2013-roku-poznalismy-zwyciezcow-jedenastej-edycji-plebiscytu\/TS_Kanlux-300x108.jpg 300w\" sizes=\"(max-width: 650px) 100vw, 650px\" \/><\/a><\/em><\/span> <span style=\"max-width: 650px; text-align: center; background-color: #eeeeee; display: block;\">w kategorii TECHNIKA \u015aWIETLNA zwyci\u0119\u017cy\u0142a <a href=\"http:\/\/ep2014.elektrosystemy.pl\/#31\/z\" target=\"_blank\">Rodzina Codia LED<\/a> firmy KANLUX<\/span><\/p>\n<p style=\"text-align: justify;\"><span class=\"wf_caption\" style=\"display: inline-table;\"><em><a href=\"http:\/\/www.wp.elektrosystemy.pl\/wp-content\/uploads\/2015\/02\/26\/elektroprodukt-2014-roku-zwyciezcy-dwunastej-edycji-plebiscytu\/ZS_CES.jpg\"><img loading=\"lazy\" class=\"alignnone wp-image-6343\" src=\"http:\/\/www.wp.elektrosystemy.pl\/wp-content\/uploads\/2015\/02\/26\/elektroprodukt-2014-roku-zwyciezcy-dwunastej-edycji-plebiscytu\/ZS_CES.jpg\" alt=\"\" width=\"650\" height=\"234\" srcset=\"https:\/\/elektrosystemy.pl\/wp-content\/uploads\/2015\/02\/26\/elektroprodukt-2014-roku-zwyciezcy-dwunastej-edycji-plebiscytu\/ZS_CES.jpg 750w, https:\/\/elektrosystemy.pl\/wp-content\/uploads\/2015\/02\/26\/elektroprodukt-2014-roku-zwyciezcy-dwunastej-edycji-plebiscytu\/ZS_CES-600x216.jpg 600w, https:\/\/elektrosystemy.pl\/wp-content\/uploads\/2015\/02\/26\/elektroprodukt-2014-roku-zwyciezcy-dwunastej-edycji-plebiscytu\/ZS_CES-300x108.jpg 300w\" sizes=\"(max-width: 650px) 100vw, 650px\" \/><\/a><\/em><\/span> <span style=\"max-width: 650px; text-align: center; background-color: #eeeeee; display: block;\">w kategorii ZASILANIE zwyci\u0119\u017cy\u0142 <a href=\"http:\/\/ep2014.elektrosystemy.pl\/#35\/z\" target=\"_blank\">UPS CES GX 1-30 kVA<\/a> firmy CES<\/span><\/p>\n<p style=\"text-align: justify;\"><span style=\"font-size: 8pt;\"><em>Marzec 2014<\/em><\/span><\/p>\n","protected":false},"excerpt":{"rendered":"<p>Po raz dwunasty Czytelnicy magazynu Elektrosystemy wybrali najlepsze wyroby elektrotechniczne roku. Tym razem w 12 kategoriach rywalizowa\u0142o 146 produkt\u00f3w. Do redakcji nap\u0142yn\u0119\u0142o \u0142\u0105cznie 23 024 g\u0142os\u00f3w na 3 902 kartach konkursowych. w kategorii APARATURA MODU\u0141OWA zwyci\u0119\u017cy\u0142y Cyfrowe wy\u0142\u0105czniki r\u00f3\u017cnicowopr\u0105dowe \u00a0FRCdM typu B firmy EATON ELECTRIC w kategorii AUTOMATYKA zwyci\u0119\u017cy\u0142 Przeka\u017aniki DRH firmy\u00a0Weidm\u00fcller w kategorii INTELIGENTNY&hellip;<\/p>\n","protected":false},"author":2,"featured_media":3557,"parent":0,"menu_order":0,"comment_status":"closed","ping_status":"open","template":"","meta":[],"_links":{"self":[{"href":"https:\/\/elektrosystemy.pl\/index.php?rest_route=\/wp\/v2\/pages\/6332"}],"collection":[{"href":"https:\/\/elektrosystemy.pl\/index.php?rest_route=\/wp\/v2\/pages"}],"about":[{"href":"https:\/\/elektrosystemy.pl\/index.php?rest_route=\/wp\/v2\/types\/page"}],"author":[{"embeddable":true,"href":"https:\/\/elektrosystemy.pl\/index.php?rest_route=\/wp\/v2\/users\/2"}],"replies":[{"embeddable":true,"href":"https:\/\/elektrosystemy.pl\/index.php?rest_route=%2Fwp%2Fv2%2Fcomments&post=6332"}],"version-history":[{"count":9,"href":"https:\/\/elektrosystemy.pl\/index.php?rest_route=\/wp\/v2\/pages\/6332\/revisions"}],"predecessor-version":[{"id":16229,"href":"https:\/\/elektrosystemy.pl\/index.php?rest_route=\/wp\/v2\/pages\/6332\/revisions\/16229"}],"wp:featuredmedia":[{"embeddable":true,"href":"https:\/\/elektrosystemy.pl\/index.php?rest_route=\/wp\/v2\/media\/3557"}],"wp:attachment":[{"href":"https:\/\/elektrosystemy.pl\/index.php?rest_route=%2Fwp%2Fv2%2Fmedia&parent=6332"}],"curies":[{"name":"wp","href":"https:\/\/api.w.org\/{rel}","templated":true}]}}