{"id":74,"date":"2014-02-01T20:36:26","date_gmt":"2014-02-01T19:36:26","guid":{"rendered":"http:\/\/www.wp.elektrosystemy.pl\/?page_id=74"},"modified":"2019-12-03T22:11:11","modified_gmt":"2019-12-03T21:11:11","slug":"contact-page","status":"publish","type":"page","link":"https:\/\/elektrosystemy.pl\/?page_id=74","title":{"rendered":"Redakcja"},"content":{"rendered":"<h1>Redakcja<\/h1>\n<p><span style=\"font-size: 130%;\"><br \/>\nWydawnictwo TECHMEDIA<\/span><br \/>\n<strong style=\"color: #000000;\">Adres redakcji:<br \/>\nAl. Niepodleg\u0142o\u015bci 154\/10<br \/>\n02-554 Warszawa<br \/>\ntel. (22) 840 77 10<br \/>\nfax (22) 840 77 11<br \/>\ne-mail: redakcja@elektrosystemy.pl<br \/>\n<\/strong><br \/>\n<span style=\"color: #000080;\">Redaktor naczelny<\/span><br \/>\n<span style=\"font-size: 130%; color: #000000;\">Jacek R\u00f3\u017ca\u0144ski<\/span><br \/>\ntel. kom. 502 530 065<br \/>\ne-mail: jacek.rozanski@elektrosystemy.pl<\/p>\n<p><span style=\"color: #000080;\">Redaktor<\/span><br \/>\n<span style=\"font-size: 130%; color: #000000;\">Tomasz Krze\u015bniak<\/span><br \/>\ntel. kom. 509 875 874<br \/>\ne-mail: tomasz.krzesniak@elektrosystemy.pl<\/p>\n<p><span style=\"color: #000080;\">Redaktor<br \/>\n<\/span><span style=\"font-size: 130%; color: #000000;\">Rados\u0142aw Kaliski<\/span><br \/>\ne-mail: radoslaw.kaliski@elektrosystemy.pl<\/p>\n<p><span style=\"color: #000080;\">Kierownik dzia\u0142u reklamy<\/span><br \/>\n<span style=\"font-size: 130%; color: #000000;\">Jolanta Porembna<br \/>\n<\/span>tel. kom. 509 492 255<br \/>\ne-mail: jolanta.porembna@elektrosystemy.pl<\/p>\n<p><span style=\"color: #003366;\">Dyrektor handlowy<\/span><br \/>\n<span style=\"font-size: 130%; color: #000000;\">S\u0142awomir Tokarski<br \/>\n<\/span>tel. kom. 502 532 482<br \/>\ne-mail: slawomir.tokarski@elektrosystemy.pl<\/p>\n<p><span style=\"color: #003366;\">Dzia\u0142 DTP<\/span><br \/>\n<span style=\"font-size: 130%; color: #000000;\">Piotr Raszkiewicz<\/span><br \/>\ne-mail: piotr.raszkiewicz@elektrosystemy.pl<\/p>\n<h4 style=\"text-align: left;\"><strong>Plan dojazdu<\/strong><\/h4>\n<p><iframe loading=\"lazy\" src=\"https:\/\/www.google.com\/maps\/d\/embed?mid=1iav5GymNObs-dMtOikWLM2BDlX8wDxTv\" width=\"640\" height=\"480\"><\/iframe><\/p>\n","protected":false},"excerpt":{"rendered":"<p>Redakcja Wydawnictwo TECHMEDIA Adres redakcji: Al. Niepodleg\u0142o\u015bci 154\/10 02-554 Warszawa tel. (22) 840 77 10 fax (22) 840 77 11 e-mail: redakcja@elektrosystemy.pl Redaktor naczelny Jacek R\u00f3\u017ca\u0144ski tel. kom. 502 530 065 e-mail: jacek.rozanski@elektrosystemy.pl Redaktor Tomasz Krze\u015bniak tel. kom. 509 875 874 e-mail: tomasz.krzesniak@elektrosystemy.pl Redaktor Rados\u0142aw Kaliski e-mail: radoslaw.kaliski@elektrosystemy.pl Kierownik dzia\u0142u reklamy Jolanta Porembna tel. kom.&hellip;<\/p>\n","protected":false},"author":1,"featured_media":0,"parent":0,"menu_order":0,"comment_status":"closed","ping_status":"closed","template":"","meta":[],"_links":{"self":[{"href":"https:\/\/elektrosystemy.pl\/index.php?rest_route=\/wp\/v2\/pages\/74"}],"collection":[{"href":"https:\/\/elektrosystemy.pl\/index.php?rest_route=\/wp\/v2\/pages"}],"about":[{"href":"https:\/\/elektrosystemy.pl\/index.php?rest_route=\/wp\/v2\/types\/page"}],"author":[{"embeddable":true,"href":"https:\/\/elektrosystemy.pl\/index.php?rest_route=\/wp\/v2\/users\/1"}],"replies":[{"embeddable":true,"href":"https:\/\/elektrosystemy.pl\/index.php?rest_route=%2Fwp%2Fv2%2Fcomments&post=74"}],"version-history":[{"count":99,"href":"https:\/\/elektrosystemy.pl\/index.php?rest_route=\/wp\/v2\/pages\/74\/revisions"}],"predecessor-version":[{"id":31877,"href":"https:\/\/elektrosystemy.pl\/index.php?rest_route=\/wp\/v2\/pages\/74\/revisions\/31877"}],"wp:attachment":[{"href":"https:\/\/elektrosystemy.pl\/index.php?rest_route=%2Fwp%2Fv2%2Fmedia&parent=74"}],"curies":[{"name":"wp","href":"https:\/\/api.w.org\/{rel}","templated":true}]}}