{"id":7530,"date":"2015-12-29T15:54:48","date_gmt":"2015-12-29T14:54:48","guid":{"rendered":"http:\/\/www.wp.elektrosystemy.pl\/?page_id=7530"},"modified":"2020-03-11T19:00:13","modified_gmt":"2020-03-11T18:00:13","slug":"produkcja-wybranych-artykulow-elektrotechnicznych-i-2015","status":"publish","type":"page","link":"https:\/\/elektrosystemy.pl\/?page_id=7530","title":{"rendered":"Produkcja wybranych artyku\u0142\u00f3w elektrotechnicznych \u2013 XII 2019"},"content":{"rendered":"<p><strong>Listopad by\u0142 miesi\u0105cem, w kt\u00f3rym produkcja w por\u00f3wnaniu do pa\u017adziernika spad\u0142a w dziewi\u0119ciu na dziesi\u0119\u0107 grup asortymentowych.<br \/>\n<\/strong><span style=\"font-weight: 300;\">W grudniu trend ten by\u0142 kontynuowany \u2013 w tym czasie r\u00f3wnie\u017c tylko w jednym przypadku zanotowano wzrost. By\u0142a to energia elektryczna, kt\u00f3rej wytworzono 14 142 GWh, czyli o 4,4% wi\u0119cej. Pozosta\u0142y asortyment elektrotechniczny&#8230;<\/span><\/p>\n<p><span style=\"font-weight: 300;\"><div class=\"gk-textblock\" data-style=\"style1\">Prezentowane dane s\u0105 najnowszymi dost\u0119pnymi statystykami GUS. Wyniki dotycz\u0105 producent\u00f3w sektora publicznego i prywatnego, zatrudniaj\u0105cych 50 lub wi\u0119cej os\u00f3b.<\/div><\/span><\/p>\n<p><a id=\"EN\"><\/a>\n\t\t<!-- MasterSlider -->\n\t\t<div id=\"P_MS5e69271773bee\" class=\"master-slider-parent ms-caro3d-template ms-parent-id-17\" style=\"max-width:100%;\"  >\n\n\t\t\t\n\t\t\t<!-- MasterSlider Main -->\n\t\t\t<div id=\"MS5e69271773bee\" class=\"master-slider ms-skin-default\" >\n\t\t\t\t \t\t\t\t \n\n\t\t\t<div  class=\"ms-slide\" data-delay=\"3\" data-fill-mode=\"fill\"   >\n\t\t\t\t\t<img src=\"http:\/\/elektrosystemy.pl\/wp-content\/plugins\/masterslider\/public\/assets\/css\/blank.gif\" alt=\"\" title=\"\" data-src=\"http:\/\/elektrosystemy.pl\/wp-content\/uploads\/2020\/03\/11\/01_kable_nowe_02_2020_www.jpg\" \/>\n\n\t\t\t\t\t<div class=\"ms-info\"><p style=\"text-align: center;\">\u00a0<\/p><\/div>\n\n\n\t<img class=\"ms-thumb\" src=\"http:\/\/elektrosystemy.pl\/wp-content\/uploads\/2020\/03\/11\/01_kable_nowe_02_2020_www-100x80.jpg\" alt=\"\" \/>\n\t\t\t\t<\/div>\n\t\t\t<div  class=\"ms-slide\" data-delay=\"3\" data-fill-mode=\"fill\"   >\n\t\t\t\t\t<img src=\"http:\/\/elektrosystemy.pl\/wp-content\/plugins\/masterslider\/public\/assets\/css\/blank.gif\" alt=\"\" title=\"\" data-src=\"http:\/\/elektrosystemy.pl\/wp-content\/uploads\/2020\/03\/11\/02_kable_dyn_nowe_02_2020_www.jpg\" \/>\n\n\t\t\t\t\t<div class=\"ms-info\"><p style=\"text-align: center;\"><strong><span style=\"font-size: 12pt;\">PRODUKCJA KABLI \u2013 DYNAMIKA ZMIAN (km)<\/span><\/strong><\/p><div style=\"text-align: center;\">\u00a0<\/div><\/div>\n\n\n\t<img class=\"ms-thumb\" src=\"http:\/\/elektrosystemy.pl\/wp-content\/uploads\/2020\/03\/11\/02_kable_dyn_nowe_02_2020_www-100x80.jpg\" alt=\"\" \/>\n\t\t\t\t<\/div>\n\n\t\t\t<\/div>\n\t\t\t<!-- END MasterSlider Main -->\n\n\t\t\t \n\t\t<\/div>\n\t\t<!-- END MasterSlider -->\n\n\t\t<script>\n\t\t( window.MSReady = window.MSReady || [] ).push( function( $ ) {\n\n\t\t\t\"use strict\";\n\t\t\tvar masterslider_3bee = new MasterSlider();\n\n\t\t\t\/\/ slider controls\n\t\t\tmasterslider_3bee.control('arrows'     ,{ autohide:true, overVideo:true  });\n\t\t\tmasterslider_3bee.control('thumblist'  ,{ autohide:false, overVideo:true, dir:'h', speed:17, inset:false, arrows:false, hover:false, customClass:'', align:'bottom',type:'thumbs', margin:10, width:100, height:80, space:5, fillMode:'fill'  });\n\t\t\tmasterslider_3bee.control('slideinfo'  ,{ autohide:false, overVideo:true, dir:'h', align:'top',inset:false , margin:-40  , size:-20 });\n\t\t\t\/\/ slider setup\n\t\t\tmasterslider_3bee.setup(\"MS5e69271773bee\", {\n\t\t\t\twidth           : 750,\n\t\t\t\theight          : 456,\n\t\t\t\tminHeight       : 0,\n\t\t\t\tspace           : 0,\n\t\t\t\tstart           : 1,\n\t\t\t\tgrabCursor      : true,\n\t\t\t\tswipe           : true,\n\t\t\t\tmouse           : true,\n\t\t\t\tkeyboard        : false,\n\t\t\t\tlayout          : \"partialview\",\n\t\t\t\twheel           : false,\n\t\t\t\tautoplay        : false,\n                instantStartLayers:false,\n\t\t\t\tmobileBGVideo:false,\n\t\t\t\tloop            : true,\n\t\t\t\tshuffle         : false,\n\t\t\t\tpreload         : 0,\n\t\t\t\theightLimit     : true,\n\t\t\t\tautoHeight      : true,\n\t\t\t\tsmoothHeight    : true,\n\t\t\t\tendPause        : false,\n\t\t\t\toverPause       : true,\n\t\t\t\tfillMode        : \"fill\",\n\t\t\t\tcenterControls  : true,\n\t\t\t\tstartOnAppear   : false,\n\t\t\t\tlayersMode      : \"center\",\n\t\t\t\tautofillTarget  : \"\",\n\t\t\t\thideLayers      : false,\n\t\t\t\tfullscreenMargin: 0,\n\t\t\t\tspeed           : 35,\n\t\t\t\tdir             : \"h\",\n\t\t\t\tparallaxMode    : 'swipe',\n\t\t\t\tview            : \"basic\"\n\t\t\t});\n\n\t\t\t\n\t\t\twindow.masterslider_instances = window.masterslider_instances || [];\n\t\t\twindow.masterslider_instances.push( masterslider_3bee );\n\t\t});\n\t\t<\/script>\n\n<\/p>\n<p><em>Wi\u0119cej w wydaniu 02\/2020 magazynu&#8230;<\/em><\/p>\n","protected":false},"excerpt":{"rendered":"<p>Listopad by\u0142 miesi\u0105cem, w kt\u00f3rym produkcja w por\u00f3wnaniu do pa\u017adziernika spad\u0142a w dziewi\u0119ciu na dziesi\u0119\u0107 grup asortymentowych. W grudniu trend ten by\u0142 kontynuowany \u2013 w tym czasie r\u00f3wnie\u017c tylko w jednym przypadku zanotowano wzrost. By\u0142a to energia elektryczna, kt\u00f3rej wytworzono 14 142 GWh, czyli o 4,4% wi\u0119cej. Pozosta\u0142y asortyment elektrotechniczny&#8230; Wi\u0119cej w wydaniu 02\/2020 magazynu&#8230;&hellip;<\/p>\n","protected":false},"author":2,"featured_media":0,"parent":0,"menu_order":0,"comment_status":"closed","ping_status":"closed","template":"","meta":[],"_links":{"self":[{"href":"https:\/\/elektrosystemy.pl\/index.php?rest_route=\/wp\/v2\/pages\/7530"}],"collection":[{"href":"https:\/\/elektrosystemy.pl\/index.php?rest_route=\/wp\/v2\/pages"}],"about":[{"href":"https:\/\/elektrosystemy.pl\/index.php?rest_route=\/wp\/v2\/types\/page"}],"author":[{"embeddable":true,"href":"https:\/\/elektrosystemy.pl\/index.php?rest_route=\/wp\/v2\/users\/2"}],"replies":[{"embeddable":true,"href":"https:\/\/elektrosystemy.pl\/index.php?rest_route=%2Fwp%2Fv2%2Fcomments&post=7530"}],"version-history":[{"count":85,"href":"https:\/\/elektrosystemy.pl\/index.php?rest_route=\/wp\/v2\/pages\/7530\/revisions"}],"predecessor-version":[{"id":32560,"href":"https:\/\/elektrosystemy.pl\/index.php?rest_route=\/wp\/v2\/pages\/7530\/revisions\/32560"}],"wp:attachment":[{"href":"https:\/\/elektrosystemy.pl\/index.php?rest_route=%2Fwp%2Fv2%2Fmedia&parent=7530"}],"curies":[{"name":"wp","href":"https:\/\/api.w.org\/{rel}","templated":true}]}}