{"id":8440,"date":"2011-11-01T13:18:53","date_gmt":"2011-11-01T12:18:53","guid":{"rendered":"http:\/\/elektrosystemy.home.pl\/ES2\/?page_id=8440"},"modified":"2015-08-14T15:32:08","modified_gmt":"2015-08-14T14:32:08","slug":"listopad-2011","status":"publish","type":"page","link":"https:\/\/elektrosystemy.pl\/?page_id=8440","title":{"rendered":"Listopad 2011"},"content":{"rendered":"<p><span style=\"font-size: 12pt;\"><a href=\"http:\/\/elektrosystemy.home.pl\/ES2\/wp-content\/uploads\/2015\/05\/11\/copy-of-grudzien-2011\/Spis_tr_ES_11_2011.jpg\"><img loading=\"lazy\" class=\"alignnone wp-image-8441 size-full\" src=\"http:\/\/elektrosystemy.home.pl\/ES2\/wp-content\/uploads\/2015\/05\/11\/copy-of-grudzien-2011\/Spis_tr_ES_11_2011.jpg\" alt=\"\" width=\"2457\" height=\"1770\" srcset=\"https:\/\/elektrosystemy.pl\/wp-content\/uploads\/2015\/05\/11\/copy-of-grudzien-2011\/Spis_tr_ES_11_2011.jpg 2457w, https:\/\/elektrosystemy.pl\/wp-content\/uploads\/2015\/05\/11\/copy-of-grudzien-2011\/Spis_tr_ES_11_2011-600x432.jpg 600w, https:\/\/elektrosystemy.pl\/wp-content\/uploads\/2015\/05\/11\/copy-of-grudzien-2011\/Spis_tr_ES_11_2011-300x216.jpg 300w, https:\/\/elektrosystemy.pl\/wp-content\/uploads\/2015\/05\/11\/copy-of-grudzien-2011\/Spis_tr_ES_11_2011-1024x738.jpg 1024w\" sizes=\"(max-width: 2457px) 100vw, 2457px\" \/><\/a><a href=\"http:\/\/www.wp.elektrosystemy.pl\/wp-content\/uploads\/2015\/01\/08\/copy-of-marzec-2014\/ES_02_2014.jpg\"><br \/>\n<\/a><\/span><br \/>\n<span style=\"font-size: 12pt;\"> <a href=\"http:\/\/elektrosystemy.home.pl\/ES2\/wp-content\/uploads\/2015\/05\/11\/listopad-2011\/ES_11_2011.jpg\"><img loading=\"lazy\" class=\" wp-image-8443 size-medium alignleft\" src=\"http:\/\/elektrosystemy.home.pl\/ES2\/wp-content\/uploads\/2015\/05\/11\/listopad-2011\/ES_11_2011-209x300.jpg\" alt=\"\" width=\"209\" height=\"300\" srcset=\"https:\/\/elektrosystemy.pl\/wp-content\/uploads\/2015\/05\/11\/listopad-2011\/ES_11_2011-209x300.jpg 209w, https:\/\/elektrosystemy.pl\/wp-content\/uploads\/2015\/05\/11\/listopad-2011\/ES_11_2011.jpg 600w\" sizes=\"(max-width: 209px) 100vw, 209px\" \/><\/a><span style=\"color: #ffffff; background-color: #ff0000;\"><strong> AKTUALNO\u015aCI <\/strong><\/span><\/span><br \/>\n<span style=\"font-size: 12pt;\"> <strong>18<\/strong>\u00a0<strong>Indeks koniunktury ELEKTROSYSTEM\u00d3W<\/strong><\/span><br \/>\n<span style=\"font-size: 12pt;\"> Koniec kwarta\u0142u na niewielkim plusie<\/span><br \/>\n<span style=\"font-size: 12pt;\"> <strong>20<\/strong> Produkcja wybranych artyku\u0142\u00f3w elektrotechnicznych \u2013 VIII 2011<\/span><br \/>\n<span style=\"font-size: 12pt;\"> <b>21<\/b> Grodno poprawia sprzeda\u017c i powi\u0119ksza sie\u0107 dystrybucji<\/span><br \/>\n<span style=\"font-size: 12pt;\"> <b>22<\/b> Promet zosta\u0142 wy\u0142\u0105cznym przedstawicielem Emas<\/span><br \/>\n<span style=\"font-size: 12pt;\"> <strong>23<\/strong> Schneider Electric otrzyma\u0142 certyfikat do ZE Ready<\/span><br \/>\n<span style=\"font-size: 12pt;\"> <strong>24<\/strong> Philips prezentuje innowacyjne technologie<\/span><br \/>\n<span style=\"font-size: 12pt;\"> <strong>25<\/strong> Wamtechnik dostarcza baterie dla Solarisa <\/span><br \/>\n<span style=\"font-size: 12pt;\"> <strong>26<\/strong> Danfoss utworzy\u0142 now\u0105 sp\u00f3\u0142k\u0119 w Polsce<\/span><br \/>\n<span style=\"font-size: 12pt;\"> <strong>27<\/strong> Tauron wchodzi w fotowoltaik\u0119<\/span><br \/>\n<span style=\"font-size: 12pt;\"> <strong>27<\/strong> Zamel Cet zainaugurowa\u0142 konkurs dla instalator\u00f3w<\/span><br \/>\n<span style=\"font-size: 12pt;\"> <strong>28<\/strong> Gie\u0142dowa sp\u00f3\u0142ka przerobi \u015bmieci na pr\u0105d<\/span><br \/>\n<span style=\"font-size: 12pt;\"> <strong>28<\/strong> Ikea inwestuje w farmy wiatrowe<\/span><br \/>\n<span style=\"font-size: 12pt;\"> <strong>29<\/strong> Mitsubishi Electric umacnia pozycj\u0119 na Ba\u0142kanach<\/span><br \/>\n<span style=\"font-size: 12pt;\"> <strong>29<\/strong> PGE uruchomi\u0142a najwi\u0119kszy w Polsce blok energetyczny<\/span><br \/>\n<span style=\"font-size: 12pt;\"> <b>30<\/b> PSE Operator zawar\u0142 porozumienie z Chugoku <\/span><br \/>\n<span style=\"font-size: 12pt;\"> <b>30<\/b> Producent whisky b\u0119dzie wytwarza\u0107 pr\u0105d<\/span><\/p>\n<p class=\"line220\"><span style=\"font-size: 12pt;\"><strong> <strong><span style=\"color: #ffffff; background-color: #e2001a;\"><strong>\u00a0ELEKTROPRODUKT 2011\u00a0<\/strong><\/span> <\/strong><br \/>\n<\/strong><strong>32<\/strong>\u00a0ELEKTROPRODUKT 2011<\/span><br \/>\n<span style=\"font-size: 12pt;\"> \u2013 lista 174 zg\u0142oszonych produkt\u00f3w<\/span><\/p>\n<p><span style=\"font-size: 12pt;\"><strong style=\"font-size: 12pt;\"> <span style=\"background-color: #33cccc;\"><strong>\u00a0<span style=\"color: #ffffff;\">AUTOMATYKA<\/span>\u00a0<\/strong><\/span><br \/>\n<\/strong><b>56<\/b> Otwarte rozwi\u0105zania automatyki firmy Beckhoff dla energetyki wiatrowej<\/span><br \/>\n<span style=\"font-size: 12pt;\"> <b>60<\/b> Uniwersalne styczniki niskiego napi\u0119cia firmy Relpol<\/span><\/p>\n<p><span style=\"color: #ffffff; font-size: 12pt; background-color: #ab437f;\"><strong>\u00a0ROZDZIA\u0141 ENERGII\u00a0<\/strong><\/span><br \/>\n<span style=\"font-size: 12pt;\"> <b>62<\/b> System rozdzielnic xEnergy do 5000 A firmy Eaton<\/span><\/p>\n<p><span style=\"color: #ffffff; font-size: 12pt; background-color: #00939b;\"><strong>\u00a0OSPRZ\u0118T INSTALACYJNY\u00a0<\/strong><\/span><br \/>\n<span style=\"font-size: 12pt;\"> <b>69<\/b> Grzejniki elektryczne Ensto Beta<\/span><br \/>\n<span style=\"font-size: 12pt;\"> <b>70<\/b> System z\u0142\u0105czy Clipline Complete firmy Phoenix Contact<\/span><br \/>\n<span style=\"font-size: 12pt;\"> <b>73<\/b> Obudowy Mini Pragma firmy Schneider Electric<\/span><\/p>\n<p><span style=\"font-size: 12pt;\"><strong style=\"font-size: 12pt;\"><span style=\"font-weight: bold; background-color: #f47a63;\"><span style=\"color: #ffffff;\">\u00a0OCHRONA PRZECIWPRZEPI\u0118CIOWA\u00a0<\/span><\/span><br \/>\n<\/strong><b>69<\/b> Profesjonalna ochrona z zastosowaniem warystor\u00f3w \u2013 wskaz\u00f3wki instalacyjne<\/span><\/p>\n<p><span style=\"font-size: 12pt;\"><strong><span style=\"font-weight: bold; background-color: #e77e1b;\"><span style=\"color: #ffffff;\">\u00a0APARATURA \u0141\u0104CZENIOWA\u00a0<\/span><\/span><br \/>\n74<\/strong> Styczniki serii NC oraz CJ19 firmy Chint<\/span><\/p>\n<p><span style=\"font-size: 12pt;\"><strong><span style=\"color: #ffffff; background-color: #cc3333;\">\u00a0KABLE I PRZEWODY <\/span><br \/>\n<\/strong><b>76<\/b> Olejoodporne przewody Lapp Kabel w fabryce Sohbi Craft Poland<\/span><\/p>\n<p><span style=\"font-size: 12pt;\"><strong style=\"font-size: 12pt;\"><span style=\"color: #ffffff; background-color: #ffcc66;\">\u00a0TECHNIKA \u015aWIETLNA\u00a0<\/span><br \/>\n<\/strong><strong>80<\/strong> O\u015bwietlenie firmy Osram na Stadionie Narodowym<\/span><br \/>\n<span style=\"font-size: 12pt;\"> <b>84<\/b> Lampy sodowe i metalohalogenkowe<\/span><br \/>\n<span style=\"font-size: 12pt;\"> <b>90<\/b> Advision 615L1 i 618L1 \u2013 nowe modele ledowych opraw drogowych Elgo<\/span><\/p>\n<p><span style=\"font-size: 12pt;\"><strong><span style=\"color: #ffffff; background-color: #d2a884;\">\u00a0APARATY ZABEZPIECZAJ\u0104CE\u00a0<\/span><br \/>\n<\/strong><b>94<\/b> Arc Guard TVOC-2 \u2013 ochrona przed \u0142ukiem elektrycznym<\/span><\/p>\n<p><span style=\"font-size: 12pt;\"><strong><span style=\"color: #ffffff; background-color: #cb6418;\">\u00a0MIERNICTWO\u00a0<\/span><br \/>\n<\/strong><b>96<\/b> Kontrola termowizyjna procesu produkcyjnego \u2013 kamery Flir-A<\/span><\/p>\n<p><span style=\"font-size: 12pt;\"><strong><span style=\"color: #ffffff; background-color: #bf8e3e;\">\u00a0MASZYNY ELEKTRYCZNE\u00a0<\/span><br \/>\n<\/strong><b>98<\/b> Transformatory firmy Noratel \u2013 program standardowy<\/span><\/p>\n<p><span style=\"font-size: 12pt;\"><strong><span style=\"color: #ffffff; background-color: #ebce93;\">\u00a0INTELIGENTNY BUDYNEK\u00a0<\/span><br \/>\n<\/strong><b>102 <\/b>Koncepcja Peace of Mind w automatyce budynkowej<\/span><br \/>\n<span style=\"font-size: 12pt;\"> <b>104<\/b> System automatyki domowej Teletask \u2013 przyk\u0142adowe modu\u0142y<\/span><br \/>\n<span style=\"font-size: 12pt;\"> <b>107<\/b> Technologia produkcji systemu Exta Free firmy Zamel<\/span><\/p>\n<p><span style=\"font-size: 12pt;\"><strong style=\"font-size: 12pt;\"><span style=\"color: #ffffff; background-color: #0076bd;\"><strong>\u00a0ZASILANIE\u00a0<\/strong><\/span><br \/>\n<\/strong><b>114<\/b> Nowe produkty firmy Energizer<\/span><br \/>\n<span style=\"font-size: 12pt;\"> <b>116<\/b> Kompensacja mocy biernej<\/span><\/p>\n<p><span style=\"font-size: 12pt;\"><strong><span style=\"color: #ffffff; background-color: #004494;\">\u00a0OPROGRAMOWANIE\u00a0<\/span><br \/>\n<\/strong><b>124<\/b> Oprogramowanie wspieraj\u0105ce firmy Eaton<\/span><\/p>\n<p class=\"line220\"><span style=\"font-size: 12pt;\"><strong> <span style=\"color: #ffffff; background-color: #004a7f;\"><strong>\u00a0NARZ\u0118DZIA\u00a0<\/strong><\/span><br \/>\n126<\/strong> Nowe narz\u0119dzia firmy Erko<\/span><\/p>\n<p><span style=\"color: #ffffff; font-size: 12pt; background-color: #996699;\"><strong>\u00a0PRZETARGI I INWESTYCJE\u00a0<\/strong><\/span><br \/>\n<span style=\"font-size: 12pt;\"> <b>131<\/b>\u00a0Planowane Inwestycje<\/span><br \/>\n<span style=\"font-size: 12pt;\"> <b>136<\/b>\u00a0Przetargi w bran\u017cy elektrotechnicznej i energetycznej<\/span><\/p>\n<p><span style=\"font-size: 12pt;\"><strong><span style=\"background-color: #ff0000; color: #ffffff;\">\u00a0WYDARZENIA\u00a0<em><br \/>\n<\/em><\/span>144<\/strong>\u00a0Relacje z targ\u00f3w, wydarze\u0144, spotka\u0144 bran\u017cowych<\/span><\/p>\n<p>&nbsp;<\/p>\n<h4><span style=\"font-size: 12pt;\"><strong>Dodatek:\u00a0&#8220;HURTOWNIE ELEKTROTECHNICZNE&#8221;<\/strong><\/span><\/h4>\n<p><span style=\"font-size: 12pt;\"><a href=\"http:\/\/elektrosystemy.home.pl\/ES2\/wp-content\/uploads\/2015\/05\/11\/listopad-2011\/Dod_11_2011_Hurtownie.jpg\"><img loading=\"lazy\" class=\" wp-image-8445 size-medium alignleft\" src=\"http:\/\/elektrosystemy.home.pl\/ES2\/wp-content\/uploads\/2015\/05\/11\/listopad-2011\/Dod_11_2011_Hurtownie-200x300.jpg\" alt=\"\" width=\"200\" height=\"300\" srcset=\"https:\/\/elektrosystemy.pl\/wp-content\/uploads\/2015\/05\/11\/listopad-2011\/Dod_11_2011_Hurtownie-200x300.jpg 200w, https:\/\/elektrosystemy.pl\/wp-content\/uploads\/2015\/05\/11\/listopad-2011\/Dod_11_2011_Hurtownie.jpg 600w\" sizes=\"(max-width: 200px) 100vw, 200px\" \/><\/a><\/span><\/p>\n<p class=\"line220\"><span style=\"font-size: 12pt;\"><strong style=\"font-size: 12pt;\">\u00a04<\/strong> Rok 2012 mo\u017ce by\u0107 trudny dla bran\u017cy<\/span><br \/>\n<span style=\"font-size: 12pt;\"> <b>24<\/b> Platforma SII Elmega \u2013 System Integracji Informatycznej<\/span><br \/>\n<span style=\"font-size: 12pt;\"> <strong>26<\/strong> Sprzeda\u017c \u201eochrony\u201d w hurtowniach i grupach<\/span><br \/>\n<span style=\"font-size: 12pt;\"> <strong>28<\/strong> Bonusy i rabaty \u2013 rozliczanie przep\u0142yw\u00f3w finansowych<\/span><\/p>\n","protected":false},"excerpt":{"rendered":"<p>AKTUALNO\u015aCI 18\u00a0Indeks koniunktury ELEKTROSYSTEM\u00d3W Koniec kwarta\u0142u na niewielkim plusie 20 Produkcja wybranych artyku\u0142\u00f3w elektrotechnicznych \u2013 VIII 2011 21 Grodno poprawia sprzeda\u017c i powi\u0119ksza sie\u0107 dystrybucji 22 Promet zosta\u0142 wy\u0142\u0105cznym przedstawicielem Emas 23 Schneider Electric otrzyma\u0142 certyfikat do ZE Ready 24 Philips prezentuje innowacyjne technologie 25 Wamtechnik dostarcza baterie dla Solarisa 26 Danfoss utworzy\u0142 now\u0105 sp\u00f3\u0142k\u0119&hellip;<\/p>\n","protected":false},"author":3,"featured_media":0,"parent":8409,"menu_order":11,"comment_status":"closed","ping_status":"closed","template":"","meta":[],"_links":{"self":[{"href":"https:\/\/elektrosystemy.pl\/index.php?rest_route=\/wp\/v2\/pages\/8440"}],"collection":[{"href":"https:\/\/elektrosystemy.pl\/index.php?rest_route=\/wp\/v2\/pages"}],"about":[{"href":"https:\/\/elektrosystemy.pl\/index.php?rest_route=\/wp\/v2\/types\/page"}],"author":[{"embeddable":true,"href":"https:\/\/elektrosystemy.pl\/index.php?rest_route=\/wp\/v2\/users\/3"}],"replies":[{"embeddable":true,"href":"https:\/\/elektrosystemy.pl\/index.php?rest_route=%2Fwp%2Fv2%2Fcomments&post=8440"}],"version-history":[{"count":2,"href":"https:\/\/elektrosystemy.pl\/index.php?rest_route=\/wp\/v2\/pages\/8440\/revisions"}],"predecessor-version":[{"id":8452,"href":"https:\/\/elektrosystemy.pl\/index.php?rest_route=\/wp\/v2\/pages\/8440\/revisions\/8452"}],"up":[{"embeddable":true,"href":"https:\/\/elektrosystemy.pl\/index.php?rest_route=\/wp\/v2\/pages\/8409"}],"wp:attachment":[{"href":"https:\/\/elektrosystemy.pl\/index.php?rest_route=%2Fwp%2Fv2%2Fmedia&parent=8440"}],"curies":[{"name":"wp","href":"https:\/\/api.w.org\/{rel}","templated":true}]}}