{"id":9655,"date":"2007-01-01T14:19:06","date_gmt":"2007-01-01T13:19:06","guid":{"rendered":"http:\/\/elektrosystemy.home.pl\/ES2\/?page_id=9655"},"modified":"2019-04-13T21:29:57","modified_gmt":"2019-04-13T19:29:57","slug":"archiwum-2007","status":"publish","type":"page","link":"https:\/\/elektrosystemy.pl\/?page_id=9655","title":{"rendered":"Archiwum 2007"},"content":{"rendered":"<h2 style=\"text-align: center;\">\u00a0<a href=\"http:\/\/www.wp.elektrosystemy.pl\/wp-content\/uploads\/2015\/01\/07\/najnowsze-wydanie-nr-01-180-styczen-2015\/dod_01_2015_okl.jpg\">\u00a0<\/a><\/h2>\n<h2 style=\"text-align: center;\"><strong>GRUDZIE\u0143 2007<\/strong><\/h2>\n<p style=\"text-align: left;\"><a href=\"http:\/\/elektrosystemy.home.pl\/ES2\/?page_id=9591\"><img loading=\"lazy\" class=\"alignnone wp-image-9657\" src=\"http:\/\/elektrosystemy.home.pl\/ES2\/wp-content\/uploads\/2015\/07\/10\/archiwum-2007\/Okladki_ES_12_2007.png\" alt=\"\" width=\"750\" height=\"542\" srcset=\"https:\/\/elektrosystemy.pl\/wp-content\/uploads\/2015\/07\/10\/archiwum-2007\/Okladki_ES_12_2007.png 1000w, https:\/\/elektrosystemy.pl\/wp-content\/uploads\/2015\/07\/10\/archiwum-2007\/Okladki_ES_12_2007-600x434.png 600w, https:\/\/elektrosystemy.pl\/wp-content\/uploads\/2015\/07\/10\/archiwum-2007\/Okladki_ES_12_2007-300x217.png 300w\" sizes=\"(max-width: 750px) 100vw, 750px\" \/><\/a><a href=\"http:\/\/www.wp.elektrosystemy.pl\/?page_id=4031\"><br \/>\n<\/a><\/p>\n<h2 style=\"text-align: center;\"><strong> <strong><strong>LISTOPAD 2007<\/strong><\/strong><\/strong><\/h2>\n<p style=\"text-align: left;\"><a href=\"http:\/\/elektrosystemy.home.pl\/ES2\/?page_id=9597\"><img loading=\"lazy\" class=\"alignnone wp-image-9665\" src=\"http:\/\/elektrosystemy.home.pl\/ES2\/wp-content\/uploads\/2015\/07\/10\/archiwum-2007\/Okladki_ES_11_20071.png\" alt=\"\" width=\"750\" height=\"542\" srcset=\"https:\/\/elektrosystemy.pl\/wp-content\/uploads\/2015\/07\/10\/archiwum-2007\/Okladki_ES_11_20071.png 1000w, https:\/\/elektrosystemy.pl\/wp-content\/uploads\/2015\/07\/10\/archiwum-2007\/Okladki_ES_11_20071-600x434.png 600w, https:\/\/elektrosystemy.pl\/wp-content\/uploads\/2015\/07\/10\/archiwum-2007\/Okladki_ES_11_20071-300x217.png 300w\" sizes=\"(max-width: 750px) 100vw, 750px\" \/><\/a><a href=\"http:\/\/www.wp.elektrosystemy.pl\/?page_id=4031\"><br \/>\n<\/a><\/p>\n<p>\u00a0<a href=\"http:\/\/www.wp.elektrosystemy.pl\/wp-content\/uploads\/2015\/01\/07\/najnowsze-wydanie-nr-01-180-styczen-2015\/dod_01_2015_okl.jpg\">\u00a0<\/a><\/p>\n<h2 style=\"text-align: center;\"><strong> <strong>PA\u0179DZIERNIK 2007<\/strong><\/strong><\/h2>\n<p style=\"text-align: left;\"><a href=\"http:\/\/elektrosystemy.home.pl\/ES2\/?page_id=9604\"><img loading=\"lazy\" class=\"alignnone wp-image-9666\" src=\"http:\/\/elektrosystemy.home.pl\/ES2\/wp-content\/uploads\/2015\/07\/10\/archiwum-2007\/Okladki_ES_10_2007.png\" alt=\"\" width=\"750\" height=\"542\" srcset=\"https:\/\/elektrosystemy.pl\/wp-content\/uploads\/2015\/07\/10\/archiwum-2007\/Okladki_ES_10_2007.png 1000w, https:\/\/elektrosystemy.pl\/wp-content\/uploads\/2015\/07\/10\/archiwum-2007\/Okladki_ES_10_2007-600x434.png 600w, https:\/\/elektrosystemy.pl\/wp-content\/uploads\/2015\/07\/10\/archiwum-2007\/Okladki_ES_10_2007-300x217.png 300w\" sizes=\"(max-width: 750px) 100vw, 750px\" \/><\/a><a href=\"http:\/\/www.wp.elektrosystemy.pl\/?page_id=4008\"><br \/>\n<\/a><\/p>\n<p><a href=\"http:\/\/www.wp.elektrosystemy.pl\/wp-content\/uploads\/2015\/01\/07\/najnowsze-wydanie-nr-01-180-styczen-2015\/dod_01_2015_okl.jpg\">\u00a0<\/a><\/p>\n<h2 style=\"text-align: center;\"><strong>WRZESIE\u0143 2007<\/strong><\/h2>\n<p style=\"text-align: left;\"><a href=\"http:\/\/elektrosystemy.home.pl\/ES2\/?page_id=9610\"><img loading=\"lazy\" class=\"alignnone wp-image-9667\" src=\"http:\/\/elektrosystemy.home.pl\/ES2\/wp-content\/uploads\/2015\/07\/10\/archiwum-2007\/Okladki_ES_09_2007.png\" alt=\"\" width=\"750\" height=\"542\" srcset=\"https:\/\/elektrosystemy.pl\/wp-content\/uploads\/2015\/07\/10\/archiwum-2007\/Okladki_ES_09_2007.png 1000w, https:\/\/elektrosystemy.pl\/wp-content\/uploads\/2015\/07\/10\/archiwum-2007\/Okladki_ES_09_2007-600x434.png 600w, https:\/\/elektrosystemy.pl\/wp-content\/uploads\/2015\/07\/10\/archiwum-2007\/Okladki_ES_09_2007-300x217.png 300w\" sizes=\"(max-width: 750px) 100vw, 750px\" \/><\/a><\/p>\n<p style=\"text-align: left;\"><a href=\"http:\/\/www.wp.elektrosystemy.pl\/?page_id=4072\"><br \/>\n<\/a><\/p>\n<h2 style=\"text-align: center;\"><strong>SIERPIE\u0143 2007<\/strong><\/h2>\n<p style=\"text-align: left;\"><a href=\"http:\/\/elektrosystemy.home.pl\/ES2\/?page_id=9614\"><img loading=\"lazy\" class=\"alignnone wp-image-9668\" src=\"http:\/\/elektrosystemy.home.pl\/ES2\/wp-content\/uploads\/2015\/07\/10\/archiwum-2007\/Okladki_ES_08_2007.png\" alt=\"\" width=\"750\" height=\"542\" srcset=\"https:\/\/elektrosystemy.pl\/wp-content\/uploads\/2015\/07\/10\/archiwum-2007\/Okladki_ES_08_2007.png 1000w, https:\/\/elektrosystemy.pl\/wp-content\/uploads\/2015\/07\/10\/archiwum-2007\/Okladki_ES_08_2007-600x434.png 600w, https:\/\/elektrosystemy.pl\/wp-content\/uploads\/2015\/07\/10\/archiwum-2007\/Okladki_ES_08_2007-300x217.png 300w\" sizes=\"(max-width: 750px) 100vw, 750px\" \/><\/a><\/p>\n<h2 style=\"text-align: center;\"><\/h2>\n<h2 style=\"text-align: center;\"><strong>LIPIEC 2007<\/strong><\/h2>\n<p style=\"text-align: left;\"><a href=\"http:\/\/elektrosystemy.home.pl\/ES2\/?page_id=9620\"><img loading=\"lazy\" class=\"alignnone wp-image-9669\" src=\"http:\/\/elektrosystemy.home.pl\/ES2\/wp-content\/uploads\/2015\/07\/10\/archiwum-2007\/Okladki_ES_07_2007.png\" alt=\"\" width=\"750\" height=\"362\" srcset=\"https:\/\/elektrosystemy.pl\/wp-content\/uploads\/2015\/07\/10\/archiwum-2007\/Okladki_ES_07_2007.png 1024w, https:\/\/elektrosystemy.pl\/wp-content\/uploads\/2015\/07\/10\/archiwum-2007\/Okladki_ES_07_2007-600x289.png 600w, https:\/\/elektrosystemy.pl\/wp-content\/uploads\/2015\/07\/10\/archiwum-2007\/Okladki_ES_07_2007-300x145.png 300w\" sizes=\"(max-width: 750px) 100vw, 750px\" \/><\/a><\/p>\n<h2 style=\"text-align: center;\"><strong>CZERWIEC 2007<\/strong><\/h2>\n<p style=\"text-align: left;\"><a href=\"http:\/\/elektrosystemy.home.pl\/ES2\/?page_id=9625\"><img loading=\"lazy\" class=\"alignnone wp-image-9670\" src=\"http:\/\/elektrosystemy.home.pl\/ES2\/wp-content\/uploads\/2015\/07\/10\/archiwum-2007\/Okladki_ES_06_2007.png\" alt=\"\" width=\"750\" height=\"542\" srcset=\"https:\/\/elektrosystemy.pl\/wp-content\/uploads\/2015\/07\/10\/archiwum-2007\/Okladki_ES_06_2007.png 1000w, https:\/\/elektrosystemy.pl\/wp-content\/uploads\/2015\/07\/10\/archiwum-2007\/Okladki_ES_06_2007-600x434.png 600w, https:\/\/elektrosystemy.pl\/wp-content\/uploads\/2015\/07\/10\/archiwum-2007\/Okladki_ES_06_2007-300x217.png 300w\" sizes=\"(max-width: 750px) 100vw, 750px\" \/><\/a><\/p>\n<h2 style=\"text-align: center;\"><strong>MAJ 2007<\/strong><\/h2>\n<p style=\"text-align: left;\"><a href=\" http:\/\/elektrosystemy.home.pl\/ES2\/?page_id=9640\"><img loading=\"lazy\" class=\"alignnone wp-image-9671\" title=\"http:\/\/elektrosystemy.home.pl\/ES2\/?page_id=9008 \" src=\"http:\/\/elektrosystemy.home.pl\/ES2\/wp-content\/uploads\/2015\/07\/10\/archiwum-2007\/Okladki_ES_05_2007.png\" alt=\"\" width=\"750\" height=\"542\" srcset=\"https:\/\/elektrosystemy.pl\/wp-content\/uploads\/2015\/07\/10\/archiwum-2007\/Okladki_ES_05_2007.png 1000w, https:\/\/elektrosystemy.pl\/wp-content\/uploads\/2015\/07\/10\/archiwum-2007\/Okladki_ES_05_2007-600x434.png 600w, https:\/\/elektrosystemy.pl\/wp-content\/uploads\/2015\/07\/10\/archiwum-2007\/Okladki_ES_05_2007-300x217.png 300w\" sizes=\"(max-width: 750px) 100vw, 750px\" \/><\/a><\/p>\n<h2 style=\"text-align: center;\"><strong>KWIECIE\u0143 2007<\/strong><\/h2>\n<p style=\"text-align: left;\"><a href=\"http:\/\/elektrosystemy.home.pl\/ES2\/?page_id=9645\"><img loading=\"lazy\" class=\"alignnone wp-image-9672\" src=\"http:\/\/elektrosystemy.home.pl\/ES2\/wp-content\/uploads\/2015\/07\/10\/archiwum-2007\/Okladki_ES_04_2007.png\" alt=\"\" width=\"750\" height=\"542\" srcset=\"https:\/\/elektrosystemy.pl\/wp-content\/uploads\/2015\/07\/10\/archiwum-2007\/Okladki_ES_04_2007.png 1000w, https:\/\/elektrosystemy.pl\/wp-content\/uploads\/2015\/07\/10\/archiwum-2007\/Okladki_ES_04_2007-600x434.png 600w, https:\/\/elektrosystemy.pl\/wp-content\/uploads\/2015\/07\/10\/archiwum-2007\/Okladki_ES_04_2007-300x217.png 300w\" sizes=\"(max-width: 750px) 100vw, 750px\" \/><\/a><\/p>\n<h2 style=\"text-align: center;\"><strong>MARZEC 2007<\/strong><\/h2>\n<p style=\"text-align: left;\"><a href=\"http:\/\/elektrosystemy.home.pl\/ES2\/?page_id=9652\"><img loading=\"lazy\" class=\"alignnone wp-image-9673\" src=\"http:\/\/elektrosystemy.home.pl\/ES2\/wp-content\/uploads\/2015\/07\/10\/archiwum-2007\/Okladki_ES_03_2007.png\" alt=\"\" width=\"750\" height=\"542\" srcset=\"https:\/\/elektrosystemy.pl\/wp-content\/uploads\/2015\/07\/10\/archiwum-2007\/Okladki_ES_03_2007.png 1000w, https:\/\/elektrosystemy.pl\/wp-content\/uploads\/2015\/07\/10\/archiwum-2007\/Okladki_ES_03_2007-600x434.png 600w, https:\/\/elektrosystemy.pl\/wp-content\/uploads\/2015\/07\/10\/archiwum-2007\/Okladki_ES_03_2007-300x217.png 300w\" sizes=\"(max-width: 750px) 100vw, 750px\" \/><\/a><\/p>\n<h2 style=\"text-align: center;\"><strong>LUTY 2007<\/strong><\/h2>\n<p style=\"text-align: left;\"><a href=\"http:\/\/elektrosystemy.home.pl\/ES2\/?page_id=9662\"><img loading=\"lazy\" class=\"alignnone wp-image-9675\" src=\"http:\/\/elektrosystemy.home.pl\/ES2\/wp-content\/uploads\/2015\/07\/10\/archiwum-2007\/Okladki_ES_02_2007.png\" alt=\"\" width=\"750\" height=\"542\" srcset=\"https:\/\/elektrosystemy.pl\/wp-content\/uploads\/2015\/07\/10\/archiwum-2007\/Okladki_ES_02_2007.png 1000w, https:\/\/elektrosystemy.pl\/wp-content\/uploads\/2015\/07\/10\/archiwum-2007\/Okladki_ES_02_2007-600x434.png 600w, https:\/\/elektrosystemy.pl\/wp-content\/uploads\/2015\/07\/10\/archiwum-2007\/Okladki_ES_02_2007-300x217.png 300w\" sizes=\"(max-width: 750px) 100vw, 750px\" \/><\/a><\/p>\n<h2 style=\"text-align: center;\"><strong>STYCZE\u0143 2007<\/strong><\/h2>\n<p style=\"text-align: left;\"><a href=\"http:\/\/elektrosystemy.home.pl\/ES2\/?page_id=9683\"><img loading=\"lazy\" class=\"alignnone wp-image-9676\" src=\"http:\/\/elektrosystemy.home.pl\/ES2\/wp-content\/uploads\/2015\/07\/10\/archiwum-2007\/Okladki_ES_01_2007.png\" alt=\"\" width=\"750\" height=\"542\" srcset=\"https:\/\/elektrosystemy.pl\/wp-content\/uploads\/2015\/07\/10\/archiwum-2007\/Okladki_ES_01_2007.png 1000w, https:\/\/elektrosystemy.pl\/wp-content\/uploads\/2015\/07\/10\/archiwum-2007\/Okladki_ES_01_2007-600x434.png 600w, https:\/\/elektrosystemy.pl\/wp-content\/uploads\/2015\/07\/10\/archiwum-2007\/Okladki_ES_01_2007-300x217.png 300w\" sizes=\"(max-width: 750px) 100vw, 750px\" \/><\/a><\/p>\n<h2 style=\"text-align: center;\"><strong>\u00a0<\/strong><\/h2>\n<p style=\"text-align: left;\"><a href=\"http:\/\/www.wp.elektrosystemy.pl\/?page_id=4075\">\u00a0<\/a><\/p>\n","protected":false},"excerpt":{"rendered":"<p>\u00a0\u00a0 GRUDZIE\u0143 2007 LISTOPAD 2007 \u00a0\u00a0 PA\u0179DZIERNIK 2007 \u00a0 WRZESIE\u0143 2007 SIERPIE\u0143 2007 LIPIEC 2007 CZERWIEC 2007 MAJ 2007 KWIECIE\u0143 2007 MARZEC 2007 LUTY 2007 STYCZE\u0143 2007 \u00a0 \u00a0&hellip;<\/p>\n","protected":false},"author":3,"featured_media":0,"parent":2251,"menu_order":2007,"comment_status":"closed","ping_status":"closed","template":"","meta":[],"_links":{"self":[{"href":"https:\/\/elektrosystemy.pl\/index.php?rest_route=\/wp\/v2\/pages\/9655"}],"collection":[{"href":"https:\/\/elektrosystemy.pl\/index.php?rest_route=\/wp\/v2\/pages"}],"about":[{"href":"https:\/\/elektrosystemy.pl\/index.php?rest_route=\/wp\/v2\/types\/page"}],"author":[{"embeddable":true,"href":"https:\/\/elektrosystemy.pl\/index.php?rest_route=\/wp\/v2\/users\/3"}],"replies":[{"embeddable":true,"href":"https:\/\/elektrosystemy.pl\/index.php?rest_route=%2Fwp%2Fv2%2Fcomments&post=9655"}],"version-history":[{"count":9,"href":"https:\/\/elektrosystemy.pl\/index.php?rest_route=\/wp\/v2\/pages\/9655\/revisions"}],"predecessor-version":[{"id":9688,"href":"https:\/\/elektrosystemy.pl\/index.php?rest_route=\/wp\/v2\/pages\/9655\/revisions\/9688"}],"up":[{"embeddable":true,"href":"https:\/\/elektrosystemy.pl\/index.php?rest_route=\/wp\/v2\/pages\/2251"}],"wp:attachment":[{"href":"https:\/\/elektrosystemy.pl\/index.php?rest_route=%2Fwp%2Fv2%2Fmedia&parent=9655"}],"curies":[{"name":"wp","href":"https:\/\/api.w.org\/{rel}","templated":true}]}}