{"id":9802,"date":"2006-01-01T12:49:35","date_gmt":"2006-01-01T11:49:35","guid":{"rendered":"http:\/\/elektrosystemy.home.pl\/ES2\/?page_id=9802"},"modified":"2019-04-13T21:29:49","modified_gmt":"2019-04-13T19:29:49","slug":"archiwum-2006","status":"publish","type":"page","link":"https:\/\/elektrosystemy.pl\/?page_id=9802","title":{"rendered":"Archiwum 2006"},"content":{"rendered":"<h2 style=\"text-align: center;\">\u00a0<a href=\"http:\/\/www.wp.elektrosystemy.pl\/wp-content\/uploads\/2015\/01\/07\/najnowsze-wydanie-nr-01-180-styczen-2015\/dod_01_2015_okl.jpg\">\u00a0<\/a><\/h2>\n<h2 style=\"text-align: center;\"><strong>GRUDZIE\u0143 2006<\/strong><\/h2>\n<p style=\"text-align: left;\"><a href=\"http:\/\/elektrosystemy.home.pl\/ES2\/?page_id=9773\"><img loading=\"lazy\" class=\"alignnone wp-image-9813\" src=\"http:\/\/elektrosystemy.home.pl\/ES2\/wp-content\/uploads\/2015\/07\/15\/archiwum-2006\/Okladki_ES_12_2006.jpg\" alt=\"\" width=\"750\" height=\"542\" srcset=\"https:\/\/elektrosystemy.pl\/wp-content\/uploads\/2015\/07\/15\/archiwum-2006\/Okladki_ES_12_2006.jpg 1000w, https:\/\/elektrosystemy.pl\/wp-content\/uploads\/2015\/07\/15\/archiwum-2006\/Okladki_ES_12_2006-600x434.jpg 600w, https:\/\/elektrosystemy.pl\/wp-content\/uploads\/2015\/07\/15\/archiwum-2006\/Okladki_ES_12_2006-300x217.jpg 300w\" sizes=\"(max-width: 750px) 100vw, 750px\" \/><\/a><a href=\"http:\/\/www.wp.elektrosystemy.pl\/?page_id=4031\"><br \/>\n<\/a><\/p>\n<h2 style=\"text-align: center;\"><strong> <strong><strong>LISTOPAD 2006<\/strong><\/strong><\/strong><\/h2>\n<p style=\"text-align: left;\"><a href=\"http:\/\/elektrosystemy.home.pl\/ES2\/?page_id=9781\"><img loading=\"lazy\" class=\"alignnone wp-image-9814\" src=\"http:\/\/elektrosystemy.home.pl\/ES2\/wp-content\/uploads\/2015\/07\/15\/archiwum-2006\/Okladki_ES_11_2006.jpg\" alt=\"\" width=\"750\" height=\"542\" srcset=\"https:\/\/elektrosystemy.pl\/wp-content\/uploads\/2015\/07\/15\/archiwum-2006\/Okladki_ES_11_2006.jpg 1000w, https:\/\/elektrosystemy.pl\/wp-content\/uploads\/2015\/07\/15\/archiwum-2006\/Okladki_ES_11_2006-600x434.jpg 600w, https:\/\/elektrosystemy.pl\/wp-content\/uploads\/2015\/07\/15\/archiwum-2006\/Okladki_ES_11_2006-300x217.jpg 300w\" sizes=\"(max-width: 750px) 100vw, 750px\" \/><\/a><a href=\"http:\/\/www.wp.elektrosystemy.pl\/?page_id=4031\"><br \/>\n<\/a><\/p>\n<p>\u00a0<a href=\"http:\/\/www.wp.elektrosystemy.pl\/wp-content\/uploads\/2015\/01\/07\/najnowsze-wydanie-nr-01-180-styczen-2015\/dod_01_2015_okl.jpg\">\u00a0<\/a><\/p>\n<h2 style=\"text-align: center;\"><strong> <strong>PA\u0179DZIERNIK 2006<\/strong><\/strong><\/h2>\n<p style=\"text-align: left;\"><a href=\"http:\/\/elektrosystemy.home.pl\/ES2\/?page_id=9788\"><img loading=\"lazy\" class=\"alignnone wp-image-9815\" src=\"http:\/\/elektrosystemy.home.pl\/ES2\/wp-content\/uploads\/2015\/07\/15\/archiwum-2006\/Okladki_ES_10_2006.jpg\" alt=\"\" width=\"750\" height=\"542\" srcset=\"https:\/\/elektrosystemy.pl\/wp-content\/uploads\/2015\/07\/15\/archiwum-2006\/Okladki_ES_10_2006.jpg 1000w, https:\/\/elektrosystemy.pl\/wp-content\/uploads\/2015\/07\/15\/archiwum-2006\/Okladki_ES_10_2006-600x434.jpg 600w, https:\/\/elektrosystemy.pl\/wp-content\/uploads\/2015\/07\/15\/archiwum-2006\/Okladki_ES_10_2006-300x217.jpg 300w\" sizes=\"(max-width: 750px) 100vw, 750px\" \/><\/a><a href=\"http:\/\/www.wp.elektrosystemy.pl\/?page_id=4008\"><br \/>\n<\/a><\/p>\n<p><a href=\"http:\/\/www.wp.elektrosystemy.pl\/wp-content\/uploads\/2015\/01\/07\/najnowsze-wydanie-nr-01-180-styczen-2015\/dod_01_2015_okl.jpg\">\u00a0<\/a><\/p>\n<h2 style=\"text-align: center;\"><strong>WRZESIE\u0143 2006<\/strong><\/h2>\n<p style=\"text-align: left;\"><a href=\"http:\/\/elektrosystemy.home.pl\/ES2\/?page_id=9793\"><img loading=\"lazy\" class=\"alignnone wp-image-9816\" src=\"http:\/\/elektrosystemy.home.pl\/ES2\/wp-content\/uploads\/2015\/07\/15\/archiwum-2006\/Okladki_ES_09_2006.jpg\" alt=\"\" width=\"750\" height=\"542\" srcset=\"https:\/\/elektrosystemy.pl\/wp-content\/uploads\/2015\/07\/15\/archiwum-2006\/Okladki_ES_09_2006.jpg 1000w, https:\/\/elektrosystemy.pl\/wp-content\/uploads\/2015\/07\/15\/archiwum-2006\/Okladki_ES_09_2006-600x434.jpg 600w, https:\/\/elektrosystemy.pl\/wp-content\/uploads\/2015\/07\/15\/archiwum-2006\/Okladki_ES_09_2006-300x217.jpg 300w\" sizes=\"(max-width: 750px) 100vw, 750px\" \/><\/a><\/p>\n<p style=\"text-align: left;\"><a href=\"http:\/\/www.wp.elektrosystemy.pl\/?page_id=4072\"><br \/>\n<\/a><\/p>\n<h2 style=\"text-align: center;\"><strong>SIERPIE\u0143 2006<\/strong><\/h2>\n<p style=\"text-align: left;\"><a href=\"http:\/\/elektrosystemy.home.pl\/ES2\/?page_id=9799\"><img loading=\"lazy\" class=\"alignnone wp-image-9817\" src=\"http:\/\/elektrosystemy.home.pl\/ES2\/wp-content\/uploads\/2015\/07\/15\/archiwum-2006\/Okladki_ES_08_2006.jpg\" alt=\"\" width=\"750\" height=\"542\" srcset=\"https:\/\/elektrosystemy.pl\/wp-content\/uploads\/2015\/07\/15\/archiwum-2006\/Okladki_ES_08_2006.jpg 1000w, https:\/\/elektrosystemy.pl\/wp-content\/uploads\/2015\/07\/15\/archiwum-2006\/Okladki_ES_08_2006-600x434.jpg 600w, https:\/\/elektrosystemy.pl\/wp-content\/uploads\/2015\/07\/15\/archiwum-2006\/Okladki_ES_08_2006-300x217.jpg 300w\" sizes=\"(max-width: 750px) 100vw, 750px\" \/><\/a><\/p>\n<h2 style=\"text-align: center;\"><\/h2>\n<h2 style=\"text-align: center;\"><strong>LIPIEC 2006<\/strong><\/h2>\n<p style=\"text-align: left;\"><a href=\" http:\/\/elektrosystemy.home.pl\/ES2\/?page_id=9805\"><img loading=\"lazy\" class=\"alignnone wp-image-9818 size-full\" src=\"http:\/\/elektrosystemy.home.pl\/ES2\/wp-content\/uploads\/2015\/07\/15\/archiwum-2006\/Okladki_ES_07_2006.jpg\" alt=\"\" width=\"1000\" height=\"723\" srcset=\"https:\/\/elektrosystemy.pl\/wp-content\/uploads\/2015\/07\/15\/archiwum-2006\/Okladki_ES_07_2006.jpg 1000w, https:\/\/elektrosystemy.pl\/wp-content\/uploads\/2015\/07\/15\/archiwum-2006\/Okladki_ES_07_2006-600x434.jpg 600w, https:\/\/elektrosystemy.pl\/wp-content\/uploads\/2015\/07\/15\/archiwum-2006\/Okladki_ES_07_2006-300x217.jpg 300w\" sizes=\"(max-width: 1000px) 100vw, 1000px\" \/><\/a><\/p>\n<h2 style=\"text-align: center;\"><strong>CZERWIEC 2006<\/strong><\/h2>\n<p style=\"text-align: left;\"><a href=\"http:\/\/elektrosystemy.home.pl\/ES2\/?page_id=9810\"><img loading=\"lazy\" class=\"alignnone wp-image-9819\" src=\"http:\/\/elektrosystemy.home.pl\/ES2\/wp-content\/uploads\/2015\/07\/15\/archiwum-2006\/Okladki_ES_06_2006.jpg\" alt=\"\" width=\"750\" height=\"542\" srcset=\"https:\/\/elektrosystemy.pl\/wp-content\/uploads\/2015\/07\/15\/archiwum-2006\/Okladki_ES_06_2006.jpg 1000w, https:\/\/elektrosystemy.pl\/wp-content\/uploads\/2015\/07\/15\/archiwum-2006\/Okladki_ES_06_2006-600x434.jpg 600w, https:\/\/elektrosystemy.pl\/wp-content\/uploads\/2015\/07\/15\/archiwum-2006\/Okladki_ES_06_2006-300x217.jpg 300w\" sizes=\"(max-width: 750px) 100vw, 750px\" \/><\/a><\/p>\n<h2 style=\"text-align: center;\"><strong>MAJ 2006<\/strong><\/h2>\n<p style=\"text-align: left;\"><a href=\": http:\/\/elektrosystemy.home.pl\/ES2\/?page_id=9834\"><img loading=\"lazy\" class=\"alignnone wp-image-9821\" title=\"http:\/\/elektrosystemy.home.pl\/ES2\/?page_id=9008 \" src=\"http:\/\/elektrosystemy.home.pl\/ES2\/wp-content\/uploads\/2015\/07\/15\/archiwum-2006\/Okladki_ES_05_2006.jpg\" alt=\"\" width=\"750\" height=\"542\" srcset=\"https:\/\/elektrosystemy.pl\/wp-content\/uploads\/2015\/07\/15\/archiwum-2006\/Okladki_ES_05_2006.jpg 1000w, https:\/\/elektrosystemy.pl\/wp-content\/uploads\/2015\/07\/15\/archiwum-2006\/Okladki_ES_05_2006-600x434.jpg 600w, https:\/\/elektrosystemy.pl\/wp-content\/uploads\/2015\/07\/15\/archiwum-2006\/Okladki_ES_05_2006-300x217.jpg 300w\" sizes=\"(max-width: 750px) 100vw, 750px\" \/><\/a><\/p>\n<h2 style=\"text-align: center;\"><strong>KWIECIE\u0143 2006<\/strong><\/h2>\n<p style=\"text-align: left;\"><a href=\"http:\/\/elektrosystemy.home.pl\/ES2\/?page_id=9839\"><img loading=\"lazy\" class=\"alignnone wp-image-9823\" src=\"http:\/\/elektrosystemy.home.pl\/ES2\/wp-content\/uploads\/2015\/07\/15\/archiwum-2006\/Okladki_ES_04_2006.jpg\" alt=\"\" width=\"650\" height=\"470\" srcset=\"https:\/\/elektrosystemy.pl\/wp-content\/uploads\/2015\/07\/15\/archiwum-2006\/Okladki_ES_04_2006.jpg 1000w, https:\/\/elektrosystemy.pl\/wp-content\/uploads\/2015\/07\/15\/archiwum-2006\/Okladki_ES_04_2006-600x434.jpg 600w, https:\/\/elektrosystemy.pl\/wp-content\/uploads\/2015\/07\/15\/archiwum-2006\/Okladki_ES_04_2006-300x217.jpg 300w\" sizes=\"(max-width: 650px) 100vw, 650px\" \/><\/a><\/p>\n<h2 style=\"text-align: center;\"><strong>MARZEC 2006<\/strong><\/h2>\n<p style=\"text-align: left;\"><a href=\"http:\/\/elektrosystemy.home.pl\/ES2\/?page_id=9845\"><img loading=\"lazy\" class=\"alignnone wp-image-9824\" src=\"http:\/\/elektrosystemy.home.pl\/ES2\/wp-content\/uploads\/2015\/07\/15\/archiwum-2006\/Okladki_ES_03_2006.jpg\" alt=\"\" width=\"750\" height=\"542\" srcset=\"https:\/\/elektrosystemy.pl\/wp-content\/uploads\/2015\/07\/15\/archiwum-2006\/Okladki_ES_03_2006.jpg 1000w, https:\/\/elektrosystemy.pl\/wp-content\/uploads\/2015\/07\/15\/archiwum-2006\/Okladki_ES_03_2006-600x434.jpg 600w, https:\/\/elektrosystemy.pl\/wp-content\/uploads\/2015\/07\/15\/archiwum-2006\/Okladki_ES_03_2006-300x217.jpg 300w\" sizes=\"(max-width: 750px) 100vw, 750px\" \/><\/a><\/p>\n<h2 style=\"text-align: center;\"><strong>LUTY 2006<\/strong><\/h2>\n<p style=\"text-align: left;\"><a href=\"http:\/\/elektrosystemy.home.pl\/ES2\/?page_id=9855\"><img loading=\"lazy\" class=\"alignnone wp-image-9825\" src=\"http:\/\/elektrosystemy.home.pl\/ES2\/wp-content\/uploads\/2015\/07\/15\/archiwum-2006\/Okladki_ES_02_2006.jpg\" alt=\"\" width=\"750\" height=\"542\" srcset=\"https:\/\/elektrosystemy.pl\/wp-content\/uploads\/2015\/07\/15\/archiwum-2006\/Okladki_ES_02_2006.jpg 1000w, https:\/\/elektrosystemy.pl\/wp-content\/uploads\/2015\/07\/15\/archiwum-2006\/Okladki_ES_02_2006-600x434.jpg 600w, https:\/\/elektrosystemy.pl\/wp-content\/uploads\/2015\/07\/15\/archiwum-2006\/Okladki_ES_02_2006-300x217.jpg 300w\" sizes=\"(max-width: 750px) 100vw, 750px\" \/><\/a><\/p>\n<h2 style=\"text-align: center;\"><strong>STYCZE\u0143 2006<\/strong><\/h2>\n<p style=\"text-align: left;\"><a href=\"http:\/\/elektrosystemy.home.pl\/ES2\/?page_id=9865\"><img loading=\"lazy\" class=\"alignnone wp-image-9826\" src=\"http:\/\/elektrosystemy.home.pl\/ES2\/wp-content\/uploads\/2015\/07\/15\/archiwum-2006\/Okladki_ES_01_2006.jpg\" alt=\"\" width=\"750\" height=\"542\" srcset=\"https:\/\/elektrosystemy.pl\/wp-content\/uploads\/2015\/07\/15\/archiwum-2006\/Okladki_ES_01_2006.jpg 1000w, https:\/\/elektrosystemy.pl\/wp-content\/uploads\/2015\/07\/15\/archiwum-2006\/Okladki_ES_01_2006-600x434.jpg 600w, https:\/\/elektrosystemy.pl\/wp-content\/uploads\/2015\/07\/15\/archiwum-2006\/Okladki_ES_01_2006-300x217.jpg 300w\" sizes=\"(max-width: 750px) 100vw, 750px\" \/><\/a><\/p>\n<h2 style=\"text-align: center;\"><strong>\u00a0<\/strong><\/h2>\n<p style=\"text-align: left;\"><a href=\"http:\/\/www.wp.elektrosystemy.pl\/?page_id=4075\">\u00a0<\/a><\/p>\n","protected":false},"excerpt":{"rendered":"<p>\u00a0\u00a0 GRUDZIE\u0143 2006 LISTOPAD 2006 \u00a0\u00a0 PA\u0179DZIERNIK 2006 \u00a0 WRZESIE\u0143 2006 SIERPIE\u0143 2006 LIPIEC 2006 CZERWIEC 2006 MAJ 2006 KWIECIE\u0143 2006 MARZEC 2006 LUTY 2006 STYCZE\u0143 2006 \u00a0 \u00a0&hellip;<\/p>\n","protected":false},"author":3,"featured_media":0,"parent":2251,"menu_order":2006,"comment_status":"closed","ping_status":"closed","template":"","meta":[],"_links":{"self":[{"href":"https:\/\/elektrosystemy.pl\/index.php?rest_route=\/wp\/v2\/pages\/9802"}],"collection":[{"href":"https:\/\/elektrosystemy.pl\/index.php?rest_route=\/wp\/v2\/pages"}],"about":[{"href":"https:\/\/elektrosystemy.pl\/index.php?rest_route=\/wp\/v2\/types\/page"}],"author":[{"embeddable":true,"href":"https:\/\/elektrosystemy.pl\/index.php?rest_route=\/wp\/v2\/users\/3"}],"replies":[{"embeddable":true,"href":"https:\/\/elektrosystemy.pl\/index.php?rest_route=%2Fwp%2Fv2%2Fcomments&post=9802"}],"version-history":[{"count":12,"href":"https:\/\/elektrosystemy.pl\/index.php?rest_route=\/wp\/v2\/pages\/9802\/revisions"}],"predecessor-version":[{"id":9871,"href":"https:\/\/elektrosystemy.pl\/index.php?rest_route=\/wp\/v2\/pages\/9802\/revisions\/9871"}],"up":[{"embeddable":true,"href":"https:\/\/elektrosystemy.pl\/index.php?rest_route=\/wp\/v2\/pages\/2251"}],"wp:attachment":[{"href":"https:\/\/elektrosystemy.pl\/index.php?rest_route=%2Fwp%2Fv2%2Fmedia&parent=9802"}],"curies":[{"name":"wp","href":"https:\/\/api.w.org\/{rel}","templated":true}]}}